{"id":5416,"date":"2020-10-12T12:50:45","date_gmt":"2020-10-12T12:50:45","guid":{"rendered":"http:\/\/www.euro-clear.eu\/knowledge\/water-softener\/"},"modified":"2024-06-19T09:07:46","modified_gmt":"2024-06-19T07:07:46","slug":"water-softener","status":"publish","type":"page","link":"https:\/\/www.euro-clear.eu\/en\/knowledge\/water-softener\/","title":{"rendered":"Water softener"},"content":{"rendered":"\t\t<div data-elementor-type=\"wp-page\" data-elementor-id=\"5416\" class=\"elementor elementor-5416 elementor-731\" data-elementor-post-type=\"page\">\n\t\t\t\t<div class=\"elementor-element elementor-element-6391632 e-flex e-con-boxed e-con e-parent\" data-id=\"6391632\" data-element_type=\"container\" data-e-type=\"container\">\n\t\t\t\t\t<div class=\"e-con-inner\">\n\t\t\t\t<div class=\"elementor-element elementor-element-4857975 elementor-widget elementor-widget-heading\" data-id=\"4857975\" data-element_type=\"widget\" data-e-type=\"widget\" data-widget_type=\"heading.default\">\n\t\t\t\t\t<h2 class=\"elementor-heading-title elementor-size-default\">Industrial water softener, water softener<\/h2>\t\t\t\t<\/div>\n\t\t\t\t<div class=\"elementor-element elementor-element-ffa3268 elementor-widget elementor-widget-image\" data-id=\"ffa3268\" data-element_type=\"widget\" data-e-type=\"widget\" data-widget_type=\"image.default\">\n\t\t\t\t\t\t\t\t\t\t\t\t\t\t\t<img fetchpriority=\"high\" decoding=\"async\" width=\"800\" height=\"520\" src=\"https:\/\/www.euro-clear.eu\/wp-content\/uploads\/2021\/11\/vizlagyito-new-1024x665.jpg\" class=\"attachment-large size-large wp-image-9230\" alt=\"Bluesoft v\u00edzl\u00e1gy\u00edt\u00f3\" srcset=\"https:\/\/www.euro-clear.eu\/wp-content\/uploads\/2021\/11\/vizlagyito-new-1024x665.jpg 1024w, https:\/\/www.euro-clear.eu\/wp-content\/uploads\/2021\/11\/vizlagyito-new-300x195.jpg 300w, https:\/\/www.euro-clear.eu\/wp-content\/uploads\/2021\/11\/vizlagyito-new-768x499.jpg 768w, https:\/\/www.euro-clear.eu\/wp-content\/uploads\/2021\/11\/vizlagyito-new-1200x779.jpg 1200w, https:\/\/www.euro-clear.eu\/wp-content\/uploads\/2021\/11\/vizlagyito-new.jpg 1280w\" sizes=\"(max-width: 800px) 100vw, 800px\" \/>\t\t\t\t\t\t\t\t\t\t\t\t\t\t\t<\/div>\n\t\t\t\t<div class=\"elementor-element elementor-element-4300db1 elementor-widget elementor-widget-text-editor\" data-id=\"4300db1\" data-element_type=\"widget\" data-e-type=\"widget\" data-widget_type=\"text-editor.default\">\n\t\t\t\t\t\t\t\t\t<p>Water softening is one of the most common water treatment and purification method in Hungary. This is often needed because most of our waters are groundwater, and in the water that leaks through the rocks, alot of calcium and magnesium dissolves, causing water hardness. Dissolved metal salts precipitate out of the water and limescale formation begins in the piping systems, inside household devices and equipment. As a result, their lifetime is reduced and their efficiency deteriorate. For water softening tasks, there are different types of water softener devices that remove calcium and magnesium ions that cause water hardness, and they replace sodium ions that do not cause water hardness. Smaller domestic water softeners and industrial water softeners do not differ much, usually on size.<\/p>\n\t\t\t\t\t\t\t\t<\/div>\n\t\t\t\t<div class=\"elementor-element elementor-element-ffdf41e elementor-widget elementor-widget-text-editor\" data-id=\"ffdf41e\" data-element_type=\"widget\" data-e-type=\"widget\" data-widget_type=\"text-editor.default\">\n\t\t\t\t\t\t\t\t\t<p>Customers typically face a water hardness problem when water analysis arrives a well drill, or they simply notice that equipment and surfaces are calcifying. However, it is also possible that only better water quality and sdoft water needed. Waterworks and all facilities producing drinking water must comply regulations of drinking water quality requirements (you can read about this in the information menu), wich often means very hard water, as the limit is 350 mg\/l (35 nk \u00b0). This limit already means very high levels of calcium and magnesium, even if we talk about half of this at 17-18 nk \u00b0, it is considered hard water, causing severe deposits. Sometime we do not need soft water because of current drinking water regulation or the unpleasant calcification, but because of used technolog. In all cases we use a water softener, but with other parameters. We would like to draw your attention that soft water should not be confused with desalinated water! This is also mistakenly associated by many professionals and claims that soft water is agressive, meaning it damages piping and equipment. This is not true, during water softening we don not change the total salt content of the water, in the most of the cases sodium ion exchange method is used. This means that some ions, like calcium-magnesium ions are replaced by other sodium ions. The agressiveness of water occurs when the salt balance of the water is broken, some or even all of the mineral salt content is extracted from water without being replaced by other ions.<\/p>\n\t\t\t\t\t\t\t\t<\/div>\n\t\t\t\t<div class=\"elementor-element elementor-element-6ac05fa elementor-widget elementor-widget-text-editor\" data-id=\"6ac05fa\" data-element_type=\"widget\" data-e-type=\"widget\" data-widget_type=\"text-editor.default\">\n\t\t\t\t\t\t\t\t\t<p>Water softening as a term is often used wrong in cases, when no actual water softening, so calcium-magnesium ions are not extracted from water. Such as electric water softening, magnetic or chemical water softening. These softening methods do not exits, their name is the scale protection process ot equipment. Water softeners and limescale removers are have their own field of application, but should be not confused with each other.<\/p>\n\t\t\t\t\t\t\t\t<\/div>\n\t\t\t\t<div class=\"elementor-element elementor-element-8a82f83 elementor-widget elementor-widget-text-editor\" data-id=\"8a82f83\" data-element_type=\"widget\" data-e-type=\"widget\" data-widget_type=\"text-editor.default\">\n\t\t\t\t\t\t\t\t\t<p>When choosing a water softener, it isimportant to consider some parameters, such as:<\/p>\n\t\t\t\t\t\t\t\t<\/div>\n\t\t\t\t<div class=\"elementor-element elementor-element-47f6db4 elementor-widget elementor-widget-text-editor\" data-id=\"47f6db4\" data-element_type=\"widget\" data-e-type=\"widget\" data-widget_type=\"text-editor.default\">\n\t\t\t\t\t\t\t\t\t<ul>\n<li>water flow volume;<\/li>\n<li>the amount of water to be softened;<\/li>\n<li>the required time between regenerations;<\/li>\n<li>water hardness.<\/li>\n<\/ul>\n\t\t\t\t\t\t\t\t<\/div>\n\t\t\t\t<div class=\"elementor-element elementor-element-b2af5d6 elementor-widget elementor-widget-text-editor\" data-id=\"b2af5d6\" data-element_type=\"widget\" data-e-type=\"widget\" data-widget_type=\"text-editor.default\">\n\t\t\t\t\t\t\t\t\t<p>The anti-fouling process and water softening can be performed in several ways, wich are the following:<\/p>\n\t\t\t\t\t\t\t\t<\/div>\n\t\t\t\t<div class=\"elementor-element elementor-element-bc02034 elementor-widget elementor-widget-n-accordion\" data-id=\"bc02034\" data-element_type=\"widget\" data-e-type=\"widget\" data-settings=\"{&quot;default_state&quot;:&quot;expanded&quot;,&quot;max_items_expended&quot;:&quot;one&quot;,&quot;n_accordion_animation_duration&quot;:{&quot;unit&quot;:&quot;ms&quot;,&quot;size&quot;:400,&quot;sizes&quot;:[]}}\" data-widget_type=\"nested-accordion.default\">\n\t\t\t\t\t\t\t<div class=\"e-n-accordion\" aria-label=\"Accordion. Open links with Enter or Space, close with Escape, and navigate with Arrow Keys\">\n\t\t\t\t\t\t<details id=\"e-n-accordion-item-1970\" class=\"e-n-accordion-item\" open>\n\t\t\t\t<summary class=\"e-n-accordion-item-title\" data-accordion-index=\"1\" tabindex=\"0\" aria-expanded=\"true\" aria-controls=\"e-n-accordion-item-1970\" >\n\t\t\t\t\t<span class='e-n-accordion-item-title-header'><div class=\"e-n-accordion-item-title-text\"> 1. Ion exchange water softening <\/div><\/span>\n\t\t\t\t\t\t\t<span class='e-n-accordion-item-title-icon'>\n\t\t\t<span class='e-opened' ><svg aria-hidden=\"true\" class=\"e-font-icon-svg e-fas-minus\" viewBox=\"0 0 448 512\" xmlns=\"http:\/\/www.w3.org\/2000\/svg\"><path d=\"M416 208H32c-17.67 0-32 14.33-32 32v32c0 17.67 14.33 32 32 32h384c17.67 0 32-14.33 32-32v-32c0-17.67-14.33-32-32-32z\"><\/path><\/svg><\/span>\n\t\t\t<span class='e-closed'><svg aria-hidden=\"true\" class=\"e-font-icon-svg e-fas-plus\" viewBox=\"0 0 448 512\" xmlns=\"http:\/\/www.w3.org\/2000\/svg\"><path d=\"M416 208H272V64c0-17.67-14.33-32-32-32h-32c-17.67 0-32 14.33-32 32v144H32c-17.67 0-32 14.33-32 32v32c0 17.67 14.33 32 32 32h144v144c0 17.67 14.33 32 32 32h32c17.67 0 32-14.33 32-32V304h144c17.67 0 32-14.33 32-32v-32c0-17.67-14.33-32-32-32z\"><\/path><\/svg><\/span>\n\t\t<\/span>\n\n\t\t\t\t\t\t<\/summary>\n\t\t\t\t<div role=\"region\" aria-labelledby=\"e-n-accordion-item-1970\" class=\"elementor-element elementor-element-0cc1163 e-con-full e-flex e-con e-child\" data-id=\"0cc1163\" data-element_type=\"container\" data-e-type=\"container\">\n\t\t\t\t<div class=\"elementor-element elementor-element-3fd9bce elementor-widget elementor-widget-text-editor\" data-id=\"3fd9bce\" data-element_type=\"widget\" data-e-type=\"widget\" data-widget_type=\"text-editor.default\">\n\t\t\t\t\t\t\t\t\t<p>In this case we use a synthetic resin charge or a natural Zeolite charge for ion exchange. The hard water flows through the ion exchange resin in the tank of the water softener, where the water is softened by ion exchange. This ion exchange resin replaces hardness causing calcium and magnesium ions with non-hardness causing sodium ion. Once the ion exchange charge is saturated with calcium-magnesium ions (depleted), it is necessary to regenerate the water softener. The regeneration is made by high purity tablet salt, so while the dissolved aslt is in contact with the surface of the ion exchange charge, it absorbs the sodium or even potassium ions and \u201ddrops\u201d the calcium-magnesium ions, wich are then discharges from the water softener drain.<\/p>\n\t\t\t\t\t\t\t\t<\/div>\n\t\t\t\t<\/div>\n\t\t\t\t\t<\/details>\n\t\t\t\t\t\t<details id=\"e-n-accordion-item-1971\" class=\"e-n-accordion-item\" >\n\t\t\t\t<summary class=\"e-n-accordion-item-title\" data-accordion-index=\"2\" tabindex=\"-1\" aria-expanded=\"false\" aria-controls=\"e-n-accordion-item-1971\" >\n\t\t\t\t\t<span class='e-n-accordion-item-title-header'><div class=\"e-n-accordion-item-title-text\"> 2. Chemical anti-fouling agents <\/div><\/span>\n\t\t\t\t\t\t\t<span class='e-n-accordion-item-title-icon'>\n\t\t\t<span class='e-opened' ><svg aria-hidden=\"true\" class=\"e-font-icon-svg e-fas-minus\" viewBox=\"0 0 448 512\" xmlns=\"http:\/\/www.w3.org\/2000\/svg\"><path d=\"M416 208H32c-17.67 0-32 14.33-32 32v32c0 17.67 14.33 32 32 32h384c17.67 0 32-14.33 32-32v-32c0-17.67-14.33-32-32-32z\"><\/path><\/svg><\/span>\n\t\t\t<span class='e-closed'><svg aria-hidden=\"true\" class=\"e-font-icon-svg e-fas-plus\" viewBox=\"0 0 448 512\" xmlns=\"http:\/\/www.w3.org\/2000\/svg\"><path d=\"M416 208H272V64c0-17.67-14.33-32-32-32h-32c-17.67 0-32 14.33-32 32v144H32c-17.67 0-32 14.33-32 32v32c0 17.67 14.33 32 32 32h144v144c0 17.67 14.33 32 32 32h32c17.67 0 32-14.33 32-32V304h144c17.67 0 32-14.33 32-32v-32c0-17.67-14.33-32-32-32z\"><\/path><\/svg><\/span>\n\t\t<\/span>\n\n\t\t\t\t\t\t<\/summary>\n\t\t\t\t<div role=\"region\" aria-labelledby=\"e-n-accordion-item-1971\" class=\"elementor-element elementor-element-838ee71 e-con-full e-flex e-con e-child\" data-id=\"838ee71\" data-element_type=\"container\" data-e-type=\"container\">\n\t\t\t\t<div class=\"elementor-element elementor-element-59a1cfa elementor-widget elementor-widget-text-editor\" data-id=\"59a1cfa\" data-element_type=\"widget\" data-e-type=\"widget\" data-widget_type=\"text-editor.default\">\n\t\t\t\t\t\t\t\t\t<p>In this case, the used chemical is usually a phosphate based chemical (polyphosphate) that forms a shell around the calcium-magnesium ions, preventing them from deposit. during the application, it must be taken care when water evaporates from pipe system and equipment, calcification also froms here.<\/p>\n\t\t\t\t\t\t\t\t<\/div>\n\t\t\t\t<\/div>\n\t\t\t\t\t<\/details>\n\t\t\t\t\t\t<details id=\"e-n-accordion-item-1972\" class=\"e-n-accordion-item\" >\n\t\t\t\t<summary class=\"e-n-accordion-item-title\" data-accordion-index=\"3\" tabindex=\"-1\" aria-expanded=\"false\" aria-controls=\"e-n-accordion-item-1972\" >\n\t\t\t\t\t<span class='e-n-accordion-item-title-header'><div class=\"e-n-accordion-item-title-text\"> 3. Electric anti-deposit device <\/div><\/span>\n\t\t\t\t\t\t\t<span class='e-n-accordion-item-title-icon'>\n\t\t\t<span class='e-opened' ><svg aria-hidden=\"true\" class=\"e-font-icon-svg e-fas-minus\" viewBox=\"0 0 448 512\" xmlns=\"http:\/\/www.w3.org\/2000\/svg\"><path d=\"M416 208H32c-17.67 0-32 14.33-32 32v32c0 17.67 14.33 32 32 32h384c17.67 0 32-14.33 32-32v-32c0-17.67-14.33-32-32-32z\"><\/path><\/svg><\/span>\n\t\t\t<span class='e-closed'><svg aria-hidden=\"true\" class=\"e-font-icon-svg e-fas-plus\" viewBox=\"0 0 448 512\" xmlns=\"http:\/\/www.w3.org\/2000\/svg\"><path d=\"M416 208H272V64c0-17.67-14.33-32-32-32h-32c-17.67 0-32 14.33-32 32v144H32c-17.67 0-32 14.33-32 32v32c0 17.67 14.33 32 32 32h144v144c0 17.67 14.33 32 32 32h32c17.67 0 32-14.33 32-32V304h144c17.67 0 32-14.33 32-32v-32c0-17.67-14.33-32-32-32z\"><\/path><\/svg><\/span>\n\t\t<\/span>\n\n\t\t\t\t\t\t<\/summary>\n\t\t\t\t<div role=\"region\" aria-labelledby=\"e-n-accordion-item-1972\" class=\"elementor-element elementor-element-670af24 e-con-full e-flex e-con e-child\" data-id=\"670af24\" data-element_type=\"container\" data-e-type=\"container\">\n\t\t\t\t<div class=\"elementor-element elementor-element-f86fe93 elementor-widget elementor-widget-text-editor\" data-id=\"f86fe93\" data-element_type=\"widget\" data-e-type=\"widget\" data-widget_type=\"text-editor.default\">\n\t\t\t\t\t\t\t\t\t<p>It is a device that has to be installed on the water pipe and the device crushes the calcium-magnesium ions with electrical impulses, under certain conditions it does not allow calcifications. This is not a water softener, but it is suitable for smaller applications especially where is a continuous water flow, or wherever you want to prevent the build-up of deposits in the pipe network. In this case, it should be noted that the calcium-magnesium has not been removed from water (not softened), calcification and deposition will occur far from the equipment due to water heating and\/or pressure drop. For example, the pressure of the water flowing out of the tap drops suddenly, such as on sanitary fittings, tiles, showers walls the limescale will form. We do not recommend its use in households.<\/p>\n\t\t\t\t\t\t\t\t<\/div>\n\t\t\t\t<\/div>\n\t\t\t\t\t<\/details>\n\t\t\t\t\t\t<details id=\"e-n-accordion-item-1973\" class=\"e-n-accordion-item\" >\n\t\t\t\t<summary class=\"e-n-accordion-item-title\" data-accordion-index=\"4\" tabindex=\"-1\" aria-expanded=\"false\" aria-controls=\"e-n-accordion-item-1973\" >\n\t\t\t\t\t<span class='e-n-accordion-item-title-header'><div class=\"e-n-accordion-item-title-text\"> 4. Magnetic anti-deposit device <\/div><\/span>\n\t\t\t\t\t\t\t<span class='e-n-accordion-item-title-icon'>\n\t\t\t<span class='e-opened' ><svg aria-hidden=\"true\" class=\"e-font-icon-svg e-fas-minus\" viewBox=\"0 0 448 512\" xmlns=\"http:\/\/www.w3.org\/2000\/svg\"><path d=\"M416 208H32c-17.67 0-32 14.33-32 32v32c0 17.67 14.33 32 32 32h384c17.67 0 32-14.33 32-32v-32c0-17.67-14.33-32-32-32z\"><\/path><\/svg><\/span>\n\t\t\t<span class='e-closed'><svg aria-hidden=\"true\" class=\"e-font-icon-svg e-fas-plus\" viewBox=\"0 0 448 512\" xmlns=\"http:\/\/www.w3.org\/2000\/svg\"><path d=\"M416 208H272V64c0-17.67-14.33-32-32-32h-32c-17.67 0-32 14.33-32 32v144H32c-17.67 0-32 14.33-32 32v32c0 17.67 14.33 32 32 32h144v144c0 17.67 14.33 32 32 32h32c17.67 0 32-14.33 32-32V304h144c17.67 0 32-14.33 32-32v-32c0-17.67-14.33-32-32-32z\"><\/path><\/svg><\/span>\n\t\t<\/span>\n\n\t\t\t\t\t\t<\/summary>\n\t\t\t\t<div role=\"region\" aria-labelledby=\"e-n-accordion-item-1973\" class=\"elementor-element elementor-element-70c533a e-con-full e-flex e-con e-child\" data-id=\"70c533a\" data-element_type=\"container\" data-e-type=\"container\">\n\t\t\t\t<div class=\"elementor-element elementor-element-6189d98 elementor-widget elementor-widget-text-editor\" data-id=\"6189d98\" data-element_type=\"widget\" data-e-type=\"widget\" data-widget_type=\"text-editor.default\">\n\t\t\t\t\t\t\t\t\t<p>It is a similar device like device above. The only difference is, here the calcium-magnesium ions are polarized with the magnetic field so that they cannot easily stick to the wall of the pipe network and cause calcification. Its advantages and disadvantages are the same as the electric anti-deposit device.<\/p>\n\t\t\t\t\t\t\t\t<\/div>\n\t\t\t\t<\/div>\n\t\t\t\t\t<\/details>\n\t\t\t\t\t<\/div>\n\t\t\t\t\t<script type=\"application\/ld+json\">{\"@context\":\"https:\\\/\\\/schema.org\",\"@type\":\"FAQPage\",\"mainEntity\":[{\"@type\":\"Question\",\"name\":\"1. Ion exchange water softening\",\"acceptedAnswer\":{\"@type\":\"Answer\",\"text\":\"In this case we use a synthetic resin charge or a natural Zeolite charge for ion exchange. The hard water flows through the ion exchange resin in the tank of the water softener, where the water is softened by ion exchange. This ion exchange resin replaces hardness causing calcium and magnesium ions with non-hardness causing sodium ion. Once the ion exchange charge is saturated with calcium-magnesium ions (depleted), it is necessary to regenerate the water softener. The regeneration is made by high purity tablet salt, so while the dissolved aslt is in contact with the surface of the ion exchange charge, it absorbs the sodium or even potassium ions and \\u201ddrops\\u201d the calcium-magnesium ions, wich are then discharges from the water softener drain.\"}},{\"@type\":\"Question\",\"name\":\"2. Chemical anti-fouling agents\",\"acceptedAnswer\":{\"@type\":\"Answer\",\"text\":\"In this case, the used chemical is usually a phosphate based chemical (polyphosphate) that forms a shell around the calcium-magnesium ions, preventing them from deposit. during the application, it must be taken care when water evaporates from pipe system and equipment, calcification also froms here.\"}},{\"@type\":\"Question\",\"name\":\"3. Electric anti-deposit device\",\"acceptedAnswer\":{\"@type\":\"Answer\",\"text\":\"It is a device that has to be installed on the water pipe and the device crushes the calcium-magnesium ions with electrical impulses, under certain conditions it does not allow calcifications. This is not a water softener, but it is suitable for smaller applications especially where is a continuous water flow, or wherever you want to prevent the build-up of deposits in the pipe network. In this case, it should be noted that the calcium-magnesium has not been removed from water (not softened), calcification and deposition will occur far from the equipment due to water heating and\\\/or pressure drop. For example, the pressure of the water flowing out of the tap drops suddenly, such as on sanitary fittings, tiles, showers walls the limescale will form. We do not recommend its use in households.\"}},{\"@type\":\"Question\",\"name\":\"4. Magnetic anti-deposit device\",\"acceptedAnswer\":{\"@type\":\"Answer\",\"text\":\"It is a similar device like device above. The only difference is, here the calcium-magnesium ions are polarized with the magnetic field so that they cannot easily stick to the wall of the pipe network and cause calcification. Its advantages and disadvantages are the same as the electric anti-deposit device.\"}}]}<\/script>\n\t\t\t\t\t\t\t<\/div>\n\t\t\t\t\t<\/div>\n\t\t\t\t<\/div>\n\t\t\t\t<\/div>\n\t\t","protected":false},"excerpt":{"rendered":"<p>Industrial water softener, water softener Water softening is one of the most common water treatment and purification method in Hungary. This is often needed because most of our waters are groundwater, and in the water that leaks through the rocks, alot of calcium and magnesium dissolves, causing water hardness. Dissolved metal salts precipitate out of [&hellip;]<\/p>\n","protected":false},"author":1,"featured_media":0,"parent":5359,"menu_order":0,"comment_status":"closed","ping_status":"closed","template":"","meta":{"_acf_changed":false,"footnotes":""},"class_list":["post-5416","page","type-page","status-publish","hentry"],"acf":[],"_links":{"self":[{"href":"https:\/\/www.euro-clear.eu\/en\/wp-json\/wp\/v2\/pages\/5416","targetHints":{"allow":["GET"]}}],"collection":[{"href":"https:\/\/www.euro-clear.eu\/en\/wp-json\/wp\/v2\/pages"}],"about":[{"href":"https:\/\/www.euro-clear.eu\/en\/wp-json\/wp\/v2\/types\/page"}],"author":[{"embeddable":true,"href":"https:\/\/www.euro-clear.eu\/en\/wp-json\/wp\/v2\/users\/1"}],"replies":[{"embeddable":true,"href":"https:\/\/www.euro-clear.eu\/en\/wp-json\/wp\/v2\/comments?post=5416"}],"version-history":[{"count":2,"href":"https:\/\/www.euro-clear.eu\/en\/wp-json\/wp\/v2\/pages\/5416\/revisions"}],"predecessor-version":[{"id":15082,"href":"https:\/\/www.euro-clear.eu\/en\/wp-json\/wp\/v2\/pages\/5416\/revisions\/15082"}],"up":[{"embeddable":true,"href":"https:\/\/www.euro-clear.eu\/en\/wp-json\/wp\/v2\/pages\/5359"}],"wp:attachment":[{"href":"https:\/\/www.euro-clear.eu\/en\/wp-json\/wp\/v2\/media?parent=5416"}],"curies":[{"name":"wp","href":"https:\/\/api.w.org\/{rel}","templated":true}]}}