{"id":5423,"date":"2020-10-12T12:59:03","date_gmt":"2020-10-12T12:59:03","guid":{"rendered":"http:\/\/www.euro-clear.eu\/knowledge\/water-hardness-measurement\/"},"modified":"2024-06-19T08:57:00","modified_gmt":"2024-06-19T06:57:00","slug":"water-hardness-measurement","status":"publish","type":"page","link":"https:\/\/www.euro-clear.eu\/en\/knowledge\/water-hardness-measurement\/","title":{"rendered":"Water hardness measurement"},"content":{"rendered":"\t\t<div data-elementor-type=\"wp-page\" data-elementor-id=\"5423\" class=\"elementor elementor-5423 elementor-734\" data-elementor-post-type=\"page\">\n\t\t\t\t<div class=\"elementor-element elementor-element-2c87547 e-flex e-con-boxed e-con e-parent\" data-id=\"2c87547\" data-element_type=\"container\" data-e-type=\"container\">\n\t\t\t\t\t<div class=\"e-con-inner\">\n\t\t\t\t<div class=\"elementor-element elementor-element-192b357 elementor-widget elementor-widget-heading\" data-id=\"192b357\" data-element_type=\"widget\" data-e-type=\"widget\" data-widget_type=\"heading.default\">\n\t\t\t\t\t<h2 class=\"elementor-heading-title elementor-size-default\">Water hardness measurement, at home<\/h2>\t\t\t\t<\/div>\n\t\t\t\t<div class=\"elementor-element elementor-element-4ff0c35 elementor-widget elementor-widget-text-editor\" data-id=\"4ff0c35\" data-element_type=\"widget\" data-e-type=\"widget\" data-widget_type=\"text-editor.default\">\n\t\t\t\t\t\t\t\t\t<p>Even within a city, the water quality provided by waterworks can vary e.g. the value of water hardness. If you want to know exactly what the water hardness is in your home, you can do it quickly and easily with the OKT-1 hardness tester.<\/p>\n\t\t\t\t\t\t\t\t<\/div>\n\t\t\t\t<div class=\"elementor-element elementor-element-53e7263 elementor-widget elementor-widget-text-editor\" data-id=\"53e7263\" data-element_type=\"widget\" data-e-type=\"widget\" data-widget_type=\"text-editor.default\">\n\t\t\t\t\t\t\t\t\t<p>Measure water hardness quickly and easily! Our OKT-1 hardness tester allows fast and accurate water hardness testing. The result is obtained in German degrees of hardness (nk \u00b0).<\/p>\n\t\t\t\t\t\t\t\t<\/div>\n\t\t\t\t<div class=\"elementor-element elementor-element-ad5f8bf elementor-widget elementor-widget-text-editor\" data-id=\"ad5f8bf\" data-element_type=\"widget\" data-e-type=\"widget\" data-widget_type=\"text-editor.default\">\n\t\t\t\t\t\t\t\t\t<p><strong>Contents of the package:<\/strong><\/p>\n<ul>\n<li>1 measuring cup<\/li>\n<li>1 titration liquid<\/li>\n<\/ul>\n\t\t\t\t\t\t\t\t<\/div>\n\t\t\t\t<div class=\"elementor-element elementor-element-6a11cda elementor-widget elementor-widget-image\" data-id=\"6a11cda\" data-element_type=\"widget\" data-e-type=\"widget\" data-widget_type=\"image.default\">\n\t\t\t\t\t\t\t\t\t\t\t\t\t\t\t<img fetchpriority=\"high\" decoding=\"async\" width=\"446\" height=\"390\" src=\"https:\/\/www.euro-clear.eu\/wp-content\/uploads\/2020\/07\/okt_1.png\" class=\"attachment-large size-large wp-image-5026\" alt=\"v\u00edzkem\u00e9nys\u00e9g m\u00e9r\u00e9s teszter\" srcset=\"https:\/\/www.euro-clear.eu\/wp-content\/uploads\/2020\/07\/okt_1.png 446w, https:\/\/www.euro-clear.eu\/wp-content\/uploads\/2020\/07\/okt_1-300x262.png 300w\" sizes=\"(max-width: 446px) 100vw, 446px\" \/>\t\t\t\t\t\t\t\t\t\t\t\t\t\t\t<\/div>\n\t\t\t\t<div class=\"elementor-element elementor-element-b05bcc2 elementor-widget elementor-widget-text-editor\" data-id=\"b05bcc2\" data-element_type=\"widget\" data-e-type=\"widget\" data-widget_type=\"text-editor.default\">\n\t\t\t\t\t\t\t\t\t<p><strong>Measurement process:<\/strong><\/p>\n<ol>\n<li>Before the test, rinse the measuring container and make up to the 5 ml mark with the water sample to be tested.<\/li>\n<li>Add a drop of titrating liquid to the water sample in the vessel and mix thoroughly with gentle shaking.<\/li>\n<li>If the first drop of titrating liquid turns the water greenish, the test water is soft water.<\/li>\n<li>Otherwise, repeat the process until the red color of the mixture changes to green.<\/li>\n<li>Each droplet represents 1 nk \u00b0 of the titration liquid, so that the hardness of the water sample examined is the same as the number of drops added up to a greenish color.<\/li>\n<li>When filled to a level of 10 ml, the dish can be measured in 0.5 degrees increments according to the above method. In this case, 1 drop of titrating liquid means 0.5 nk \u00b0.<\/li>\n<\/ol>\n\t\t\t\t\t\t\t\t<\/div>\n\t\t\t\t\t<\/div>\n\t\t\t\t<\/div>\n\t\t\t\t<\/div>\n\t\t","protected":false},"excerpt":{"rendered":"<p>Water hardness measurement, at home Even within a city, the water quality provided by waterworks can vary e.g. the value of water hardness. If you want to know exactly what the water hardness is in your home, you can do it quickly and easily with the OKT-1 hardness tester. Measure water hardness quickly and easily! [&hellip;]<\/p>\n","protected":false},"author":1,"featured_media":0,"parent":5359,"menu_order":0,"comment_status":"closed","ping_status":"closed","template":"","meta":{"_acf_changed":false,"footnotes":""},"class_list":["post-5423","page","type-page","status-publish","hentry"],"acf":[],"_links":{"self":[{"href":"https:\/\/www.euro-clear.eu\/en\/wp-json\/wp\/v2\/pages\/5423","targetHints":{"allow":["GET"]}}],"collection":[{"href":"https:\/\/www.euro-clear.eu\/en\/wp-json\/wp\/v2\/pages"}],"about":[{"href":"https:\/\/www.euro-clear.eu\/en\/wp-json\/wp\/v2\/types\/page"}],"author":[{"embeddable":true,"href":"https:\/\/www.euro-clear.eu\/en\/wp-json\/wp\/v2\/users\/1"}],"replies":[{"embeddable":true,"href":"https:\/\/www.euro-clear.eu\/en\/wp-json\/wp\/v2\/comments?post=5423"}],"version-history":[{"count":2,"href":"https:\/\/www.euro-clear.eu\/en\/wp-json\/wp\/v2\/pages\/5423\/revisions"}],"predecessor-version":[{"id":15080,"href":"https:\/\/www.euro-clear.eu\/en\/wp-json\/wp\/v2\/pages\/5423\/revisions\/15080"}],"up":[{"embeddable":true,"href":"https:\/\/www.euro-clear.eu\/en\/wp-json\/wp\/v2\/pages\/5359"}],"wp:attachment":[{"href":"https:\/\/www.euro-clear.eu\/en\/wp-json\/wp\/v2\/media?parent=5423"}],"curies":[{"name":"wp","href":"https:\/\/api.w.org\/{rel}","templated":true}]}}