{"id":5471,"date":"2020-10-12T13:31:38","date_gmt":"2020-10-12T13:31:38","guid":{"rendered":"http:\/\/www.euro-clear.eu\/knowledge\/water-filter\/"},"modified":"2024-06-19T09:20:11","modified_gmt":"2024-06-19T07:20:11","slug":"water-filter","status":"publish","type":"page","link":"https:\/\/www.euro-clear.eu\/en\/knowledge\/water-filter\/","title":{"rendered":"Water filter"},"content":{"rendered":"\t\t<div data-elementor-type=\"wp-page\" data-elementor-id=\"5471\" class=\"elementor elementor-5471 elementor-756\" data-elementor-post-type=\"page\">\n\t\t\t\t<div class=\"elementor-element elementor-element-e3a0e8a e-flex e-con-boxed e-con e-parent\" data-id=\"e3a0e8a\" data-element_type=\"container\" data-e-type=\"container\">\n\t\t\t\t\t<div class=\"e-con-inner\">\n\t\t\t\t<div class=\"elementor-element elementor-element-99e31ae elementor-widget elementor-widget-heading\" data-id=\"99e31ae\" data-element_type=\"widget\" data-e-type=\"widget\" data-widget_type=\"heading.default\">\n\t\t\t\t\t<h2 class=\"elementor-heading-title elementor-size-default\">Industrial water filtration, water filter<\/h2>\t\t\t\t<\/div>\n\t\t\t\t<div class=\"elementor-element elementor-element-11afdd0 elementor-widget elementor-widget-text-editor\" data-id=\"11afdd0\" data-element_type=\"widget\" data-e-type=\"widget\" data-widget_type=\"text-editor.default\">\n\t\t\t\t\t\t\t\t\t<p>Industrial water filtration is one of the most frequently used water treatment and purification technologies (as far as it can be listed here) and is found in most industries as there is almost no plant or factory without at least one water filtration equipment. It does not matter if it is main water, well water or cooling water.<\/p>\n\t\t\t\t\t\t\t\t<\/div>\n\t\t\t\t<div class=\"elementor-element elementor-element-2e5ac14 elementor-widget elementor-widget-text-editor\" data-id=\"2e5ac14\" data-element_type=\"widget\" data-e-type=\"widget\" data-widget_type=\"text-editor.default\">\n\t\t\t\t\t\t\t\t\t<p>The type of the water filter is selected based on the solid content of incoming or uses water, and what we want to achieve with the water filter. Water filters are further distinguished by the gap size or filtration efficiency, wich is usually measured in microns. Water filter or filter device that produces better water quality than 1 micron is called ultrafiltration or nanofiltration.<\/p>\n\t\t\t\t\t\t\t\t<\/div>\n\t\t\t\t<div class=\"elementor-element elementor-element-0ea1d86 elementor-widget elementor-widget-image\" data-id=\"0ea1d86\" data-element_type=\"widget\" data-e-type=\"widget\" data-widget_type=\"image.default\">\n\t\t\t\t\t\t\t\t\t\t\t\t\t\t\t<img fetchpriority=\"high\" decoding=\"async\" width=\"300\" height=\"270\" src=\"https:\/\/www.euro-clear.eu\/wp-content\/uploads\/2020\/08\/vizszuro.jpg\" class=\"attachment-large size-large wp-image-5076\" alt=\"v\u00edzsz\u0171r\u0151 v\u00edzsz\u0171r\u00e9s\" \/>\t\t\t\t\t\t\t\t\t\t\t\t\t\t\t<\/div>\n\t\t\t\t<div class=\"elementor-element elementor-element-12361c3 elementor-widget elementor-widget-n-accordion\" data-id=\"12361c3\" data-element_type=\"widget\" data-e-type=\"widget\" data-settings=\"{&quot;default_state&quot;:&quot;expanded&quot;,&quot;max_items_expended&quot;:&quot;one&quot;,&quot;n_accordion_animation_duration&quot;:{&quot;unit&quot;:&quot;ms&quot;,&quot;size&quot;:400,&quot;sizes&quot;:[]}}\" data-widget_type=\"nested-accordion.default\">\n\t\t\t\t\t\t\t<div class=\"e-n-accordion\" aria-label=\"Accordion. Open links with Enter or Space, close with Escape, and navigate with Arrow Keys\">\n\t\t\t\t\t\t<details id=\"e-n-accordion-item-1900\" class=\"e-n-accordion-item\" open>\n\t\t\t\t<summary class=\"e-n-accordion-item-title\" data-accordion-index=\"1\" tabindex=\"0\" aria-expanded=\"true\" aria-controls=\"e-n-accordion-item-1900\" >\n\t\t\t\t\t<span class='e-n-accordion-item-title-header'><div class=\"e-n-accordion-item-title-text\"> Water filter with filter housing and disposable filter insert <\/div><\/span>\n\t\t\t\t\t\t\t<span class='e-n-accordion-item-title-icon'>\n\t\t\t<span class='e-opened' ><svg aria-hidden=\"true\" class=\"e-font-icon-svg e-fas-minus\" viewBox=\"0 0 448 512\" xmlns=\"http:\/\/www.w3.org\/2000\/svg\"><path d=\"M416 208H32c-17.67 0-32 14.33-32 32v32c0 17.67 14.33 32 32 32h384c17.67 0 32-14.33 32-32v-32c0-17.67-14.33-32-32-32z\"><\/path><\/svg><\/span>\n\t\t\t<span class='e-closed'><svg aria-hidden=\"true\" class=\"e-font-icon-svg e-fas-plus\" viewBox=\"0 0 448 512\" xmlns=\"http:\/\/www.w3.org\/2000\/svg\"><path d=\"M416 208H272V64c0-17.67-14.33-32-32-32h-32c-17.67 0-32 14.33-32 32v144H32c-17.67 0-32 14.33-32 32v32c0 17.67 14.33 32 32 32h144v144c0 17.67 14.33 32 32 32h32c17.67 0 32-14.33 32-32V304h144c17.67 0 32-14.33 32-32v-32c0-17.67-14.33-32-32-32z\"><\/path><\/svg><\/span>\n\t\t<\/span>\n\n\t\t\t\t\t\t<\/summary>\n\t\t\t\t<div role=\"region\" aria-labelledby=\"e-n-accordion-item-1900\" class=\"elementor-element elementor-element-78ebff3 e-con-full e-flex e-con e-child\" data-id=\"78ebff3\" data-element_type=\"container\" data-e-type=\"container\">\n\t\t\t\t<div class=\"elementor-element elementor-element-b7b2ff2 elementor-widget elementor-widget-text-editor\" data-id=\"b7b2ff2\" data-element_type=\"widget\" data-e-type=\"widget\" data-widget_type=\"text-editor.default\">\n\t\t\t\t\t\t\t\t\t<p>This is the simplest water filtration method. It is easy to install and there are countless types of filter housing and filter insert. Today it is available in almost all sizes, from 5\u201d to 40\u201d. There are PP, yarn, stainless steel, activated carbon, ceramic and many other types of filter inserts, whether disposable or washable. It is also available in slot size from 150 microns to 0.1 microns. The range is also wide in performance, from 1-2 hundred liters\/h to 10-20 m3\/h, or even higher capacity filter housings. the filter insert already has a catalytic charge or a softener charge, wich can be used in smaller applications.<\/p>\n\t\t\t\t\t\t\t\t<\/div>\n\t\t\t\t<\/div>\n\t\t\t\t\t<\/details>\n\t\t\t\t\t\t<details id=\"e-n-accordion-item-1901\" class=\"e-n-accordion-item\" >\n\t\t\t\t<summary class=\"e-n-accordion-item-title\" data-accordion-index=\"2\" tabindex=\"-1\" aria-expanded=\"false\" aria-controls=\"e-n-accordion-item-1901\" >\n\t\t\t\t\t<span class='e-n-accordion-item-title-header'><div class=\"e-n-accordion-item-title-text\"> Water filter with washable filter housing <\/div><\/span>\n\t\t\t\t\t\t\t<span class='e-n-accordion-item-title-icon'>\n\t\t\t<span class='e-opened' ><svg aria-hidden=\"true\" class=\"e-font-icon-svg e-fas-minus\" viewBox=\"0 0 448 512\" xmlns=\"http:\/\/www.w3.org\/2000\/svg\"><path d=\"M416 208H32c-17.67 0-32 14.33-32 32v32c0 17.67 14.33 32 32 32h384c17.67 0 32-14.33 32-32v-32c0-17.67-14.33-32-32-32z\"><\/path><\/svg><\/span>\n\t\t\t<span class='e-closed'><svg aria-hidden=\"true\" class=\"e-font-icon-svg e-fas-plus\" viewBox=\"0 0 448 512\" xmlns=\"http:\/\/www.w3.org\/2000\/svg\"><path d=\"M416 208H272V64c0-17.67-14.33-32-32-32h-32c-17.67 0-32 14.33-32 32v144H32c-17.67 0-32 14.33-32 32v32c0 17.67 14.33 32 32 32h144v144c0 17.67 14.33 32 32 32h32c17.67 0 32-14.33 32-32V304h144c17.67 0 32-14.33 32-32v-32c0-17.67-14.33-32-32-32z\"><\/path><\/svg><\/span>\n\t\t<\/span>\n\n\t\t\t\t\t\t<\/summary>\n\t\t\t\t<div role=\"region\" aria-labelledby=\"e-n-accordion-item-1901\" class=\"elementor-element elementor-element-43eaba2 e-con-full e-flex e-con e-child\" data-id=\"43eaba2\" data-element_type=\"container\" data-e-type=\"container\">\n\t\t\t\t<div class=\"elementor-element elementor-element-64b6b3b elementor-widget elementor-widget-text-editor\" data-id=\"64b6b3b\" data-element_type=\"widget\" data-e-type=\"widget\" data-widget_type=\"text-editor.default\">\n\t\t\t\t\t\t\t\t\t<p>This is a similar water filtration method to the disposable insert filtration above, with the difference that the insert can be used again with a mechanical cleaning. The other type of backwashable filter, wich can be cleaned without disassembling the filter housing, is ususally with drain tap, or even this type of water filter can be automated. This automatic backwashable filter, especially for high volume flows and large amounts of water with mechanical contaminants, used in partial flow filtration of cooling towers.<\/p>\n\t\t\t\t\t\t\t\t<\/div>\n\t\t\t\t<\/div>\n\t\t\t\t\t<\/details>\n\t\t\t\t\t\t<details id=\"e-n-accordion-item-1902\" class=\"e-n-accordion-item\" >\n\t\t\t\t<summary class=\"e-n-accordion-item-title\" data-accordion-index=\"3\" tabindex=\"-1\" aria-expanded=\"false\" aria-controls=\"e-n-accordion-item-1902\" >\n\t\t\t\t\t<span class='e-n-accordion-item-title-header'><div class=\"e-n-accordion-item-title-text\"> Multimedia gravel filter <\/div><\/span>\n\t\t\t\t\t\t\t<span class='e-n-accordion-item-title-icon'>\n\t\t\t<span class='e-opened' ><svg aria-hidden=\"true\" class=\"e-font-icon-svg e-fas-minus\" viewBox=\"0 0 448 512\" xmlns=\"http:\/\/www.w3.org\/2000\/svg\"><path d=\"M416 208H32c-17.67 0-32 14.33-32 32v32c0 17.67 14.33 32 32 32h384c17.67 0 32-14.33 32-32v-32c0-17.67-14.33-32-32-32z\"><\/path><\/svg><\/span>\n\t\t\t<span class='e-closed'><svg aria-hidden=\"true\" class=\"e-font-icon-svg e-fas-plus\" viewBox=\"0 0 448 512\" xmlns=\"http:\/\/www.w3.org\/2000\/svg\"><path d=\"M416 208H272V64c0-17.67-14.33-32-32-32h-32c-17.67 0-32 14.33-32 32v144H32c-17.67 0-32 14.33-32 32v32c0 17.67 14.33 32 32 32h144v144c0 17.67 14.33 32 32 32h32c17.67 0 32-14.33 32-32V304h144c17.67 0 32-14.33 32-32v-32c0-17.67-14.33-32-32-32z\"><\/path><\/svg><\/span>\n\t\t<\/span>\n\n\t\t\t\t\t\t<\/summary>\n\t\t\t\t<div role=\"region\" aria-labelledby=\"e-n-accordion-item-1902\" class=\"elementor-element elementor-element-a6da9cc e-con-full e-flex e-con e-child\" data-id=\"a6da9cc\" data-element_type=\"container\" data-e-type=\"container\">\n\t\t\t\t<div class=\"elementor-element elementor-element-c500520 elementor-widget elementor-widget-text-editor\" data-id=\"c500520\" data-element_type=\"widget\" data-e-type=\"widget\" data-widget_type=\"text-editor.default\">\n\t\t\t\t\t\t\t\t\t<p>This filter device can be used in many applications where a lot of contaminants have to be filtered in a high volume flow, wich can be a simple mechanical filtration of the well or removal of iron and manganese flakes after oxidation, etc. In this case, the multimedia gravel layer is filled into a filter tank and the dirt is removed from the filter during backwashing using various valve or block head control methods.<\/p>\n\t\t\t\t\t\t\t\t<\/div>\n\t\t\t\t<\/div>\n\t\t\t\t\t<\/details>\n\t\t\t\t\t\t<details id=\"e-n-accordion-item-1903\" class=\"e-n-accordion-item\" >\n\t\t\t\t<summary class=\"e-n-accordion-item-title\" data-accordion-index=\"4\" tabindex=\"-1\" aria-expanded=\"false\" aria-controls=\"e-n-accordion-item-1903\" >\n\t\t\t\t\t<span class='e-n-accordion-item-title-header'><div class=\"e-n-accordion-item-title-text\"> Activated carbon filters <\/div><\/span>\n\t\t\t\t\t\t\t<span class='e-n-accordion-item-title-icon'>\n\t\t\t<span class='e-opened' ><svg aria-hidden=\"true\" class=\"e-font-icon-svg e-fas-minus\" viewBox=\"0 0 448 512\" xmlns=\"http:\/\/www.w3.org\/2000\/svg\"><path d=\"M416 208H32c-17.67 0-32 14.33-32 32v32c0 17.67 14.33 32 32 32h384c17.67 0 32-14.33 32-32v-32c0-17.67-14.33-32-32-32z\"><\/path><\/svg><\/span>\n\t\t\t<span class='e-closed'><svg aria-hidden=\"true\" class=\"e-font-icon-svg e-fas-plus\" viewBox=\"0 0 448 512\" xmlns=\"http:\/\/www.w3.org\/2000\/svg\"><path d=\"M416 208H272V64c0-17.67-14.33-32-32-32h-32c-17.67 0-32 14.33-32 32v144H32c-17.67 0-32 14.33-32 32v32c0 17.67 14.33 32 32 32h144v144c0 17.67 14.33 32 32 32h32c17.67 0 32-14.33 32-32V304h144c17.67 0 32-14.33 32-32v-32c0-17.67-14.33-32-32-32z\"><\/path><\/svg><\/span>\n\t\t<\/span>\n\n\t\t\t\t\t\t<\/summary>\n\t\t\t\t<div role=\"region\" aria-labelledby=\"e-n-accordion-item-1903\" class=\"elementor-element elementor-element-e1397a5 e-con-full e-flex e-con e-child\" data-id=\"e1397a5\" data-element_type=\"container\" data-e-type=\"container\">\n\t\t\t\t<div class=\"elementor-element elementor-element-c78b634 elementor-widget elementor-widget-text-editor\" data-id=\"c78b634\" data-element_type=\"widget\" data-e-type=\"widget\" data-widget_type=\"text-editor.default\">\n\t\t\t\t\t\t\t\t\t<p>The activated carbon filter device can be a filter insert, but in the industry similar to multimedia gravel filter, a tank solution is used. There can also be big differences between activated carbon fillings, with the common feature that we usually do not do mechanical filtration but absorption. This can be dechloration or even a simple taste and deodorization of the water, but even more complex chemical process such as trihalomethane filtration. The filter charge of this type of filter equipment is sonner or later depleted, wich cannot be regenerated on site. The discharged filter charge must be replaced before the activated carbon can be used again.<\/p>\n\t\t\t\t\t\t\t\t<\/div>\n\t\t\t\t<\/div>\n\t\t\t\t\t<\/details>\n\t\t\t\t\t\t<details id=\"e-n-accordion-item-1904\" class=\"e-n-accordion-item\" >\n\t\t\t\t<summary class=\"e-n-accordion-item-title\" data-accordion-index=\"5\" tabindex=\"-1\" aria-expanded=\"false\" aria-controls=\"e-n-accordion-item-1904\" >\n\t\t\t\t\t<span class='e-n-accordion-item-title-header'><div class=\"e-n-accordion-item-title-text\"> Ultrafiltration <\/div><\/span>\n\t\t\t\t\t\t\t<span class='e-n-accordion-item-title-icon'>\n\t\t\t<span class='e-opened' ><svg aria-hidden=\"true\" class=\"e-font-icon-svg e-fas-minus\" viewBox=\"0 0 448 512\" xmlns=\"http:\/\/www.w3.org\/2000\/svg\"><path d=\"M416 208H32c-17.67 0-32 14.33-32 32v32c0 17.67 14.33 32 32 32h384c17.67 0 32-14.33 32-32v-32c0-17.67-14.33-32-32-32z\"><\/path><\/svg><\/span>\n\t\t\t<span class='e-closed'><svg aria-hidden=\"true\" class=\"e-font-icon-svg e-fas-plus\" viewBox=\"0 0 448 512\" xmlns=\"http:\/\/www.w3.org\/2000\/svg\"><path d=\"M416 208H272V64c0-17.67-14.33-32-32-32h-32c-17.67 0-32 14.33-32 32v144H32c-17.67 0-32 14.33-32 32v32c0 17.67 14.33 32 32 32h144v144c0 17.67 14.33 32 32 32h32c17.67 0 32-14.33 32-32V304h144c17.67 0 32-14.33 32-32v-32c0-17.67-14.33-32-32-32z\"><\/path><\/svg><\/span>\n\t\t<\/span>\n\n\t\t\t\t\t\t<\/summary>\n\t\t\t\t<div role=\"region\" aria-labelledby=\"e-n-accordion-item-1904\" class=\"elementor-element elementor-element-15f6c9d e-con-full e-flex e-con e-child\" data-id=\"15f6c9d\" data-element_type=\"container\" data-e-type=\"container\">\n\t\t\t\t<div class=\"elementor-element elementor-element-746490e elementor-widget elementor-widget-text-editor\" data-id=\"746490e\" data-element_type=\"widget\" data-e-type=\"widget\" data-widget_type=\"text-editor.default\">\n\t\t\t\t\t\t\t\t\t<p>It is the second most efficient mechanical water filtration method after RO filtration technology. The gap size of the filter inserts in the ultrafiltration equipment is designed to remove not only mechanical contaminants but also microbiological contaminants, bacteria and viruses. The inserts of the ultrafiltration equipment are nothing more than a plurality of fiberglass tubes, on wich any impurities greater than 0.02 microns are trapped, and then, when the equipment is backwashed, these contaminants are discharged from the filter inserts into the drain. In the case of ultrafilters, the high filtration efficiency is also high, so it is usually a fully automatic device with a periodic regeneration of several chemicals.<\/p>\n\t\t\t\t\t\t\t\t<\/div>\n\t\t\t\t<\/div>\n\t\t\t\t\t<\/details>\n\t\t\t\t\t<\/div>\n\t\t\t\t\t<script type=\"application\/ld+json\">{\"@context\":\"https:\\\/\\\/schema.org\",\"@type\":\"FAQPage\",\"mainEntity\":[{\"@type\":\"Question\",\"name\":\"Water filter with filter housing and disposable filter insert\",\"acceptedAnswer\":{\"@type\":\"Answer\",\"text\":\"This is the simplest water filtration method. It is easy to install and there are countless types of filter housing and filter insert. Today it is available in almost all sizes, from 5\\u201d to 40\\u201d. There are PP, yarn, stainless steel, activated carbon, ceramic and many other types of filter inserts, whether disposable or washable. It is also available in slot size from 150 microns to 0.1 microns. The range is also wide in performance, from 1-2 hundred liters\\\/h to 10-20 m3\\\/h, or even higher capacity filter housings. the filter insert already has a catalytic charge or a softener charge, wich can be used in smaller applications.\"}},{\"@type\":\"Question\",\"name\":\"Water filter with washable filter housing\",\"acceptedAnswer\":{\"@type\":\"Answer\",\"text\":\"This is a similar water filtration method to the disposable insert filtration above, with the difference that the insert can be used again with a mechanical cleaning. The other type of backwashable filter, wich can be cleaned without disassembling the filter housing, is ususally with drain tap, or even this type of water filter can be automated. This automatic backwashable filter, especially for high volume flows and large amounts of water with mechanical contaminants, used in partial flow filtration of cooling towers.\"}},{\"@type\":\"Question\",\"name\":\"Multimedia gravel filter\",\"acceptedAnswer\":{\"@type\":\"Answer\",\"text\":\"This filter device can be used in many applications where a lot of contaminants have to be filtered in a high volume flow, wich can be a simple mechanical filtration of the well or removal of iron and manganese flakes after oxidation, etc. In this case, the multimedia gravel layer is filled into a filter tank and the dirt is removed from the filter during backwashing using various valve or block head control methods.\"}},{\"@type\":\"Question\",\"name\":\"Activated carbon filters\",\"acceptedAnswer\":{\"@type\":\"Answer\",\"text\":\"The activated carbon filter device can be a filter insert, but in the industry similar to multimedia gravel filter, a tank solution is used. There can also be big differences between activated carbon fillings, with the common feature that we usually do not do mechanical filtration but absorption. This can be dechloration or even a simple taste and deodorization of the water, but even more complex chemical process such as trihalomethane filtration. The filter charge of this type of filter equipment is sonner or later depleted, wich cannot be regenerated on site. The discharged filter charge must be replaced before the activated carbon can be used again.\"}},{\"@type\":\"Question\",\"name\":\"Ultrafiltration\",\"acceptedAnswer\":{\"@type\":\"Answer\",\"text\":\"It is the second most efficient mechanical water filtration method after RO filtration technology. The gap size of the filter inserts in the ultrafiltration equipment is designed to remove not only mechanical contaminants but also microbiological contaminants, bacteria and viruses. The inserts of the ultrafiltration equipment are nothing more than a plurality of fiberglass tubes, on wich any impurities greater than 0.02 microns are trapped, and then, when the equipment is backwashed, these contaminants are discharged from the filter inserts into the drain. In the case of ultrafilters, the high filtration efficiency is also high, so it is usually a fully automatic device with a periodic regeneration of several chemicals.\"}}]}<\/script>\n\t\t\t\t\t\t\t<\/div>\n\t\t\t\t\t<\/div>\n\t\t\t\t<\/div>\n\t\t\t\t<\/div>\n\t\t","protected":false},"excerpt":{"rendered":"<p>Industrial water filtration, water filter Industrial water filtration is one of the most frequently used water treatment and purification technologies (as far as it can be listed here) and is found in most industries as there is almost no plant or factory without at least one water filtration equipment. It does not matter if it [&hellip;]<\/p>\n","protected":false},"author":1,"featured_media":0,"parent":5359,"menu_order":0,"comment_status":"closed","ping_status":"closed","template":"","meta":{"_acf_changed":false,"footnotes":""},"class_list":["post-5471","page","type-page","status-publish","hentry"],"acf":[],"_links":{"self":[{"href":"https:\/\/www.euro-clear.eu\/en\/wp-json\/wp\/v2\/pages\/5471","targetHints":{"allow":["GET"]}}],"collection":[{"href":"https:\/\/www.euro-clear.eu\/en\/wp-json\/wp\/v2\/pages"}],"about":[{"href":"https:\/\/www.euro-clear.eu\/en\/wp-json\/wp\/v2\/types\/page"}],"author":[{"embeddable":true,"href":"https:\/\/www.euro-clear.eu\/en\/wp-json\/wp\/v2\/users\/1"}],"replies":[{"embeddable":true,"href":"https:\/\/www.euro-clear.eu\/en\/wp-json\/wp\/v2\/comments?post=5471"}],"version-history":[{"count":2,"href":"https:\/\/www.euro-clear.eu\/en\/wp-json\/wp\/v2\/pages\/5471\/revisions"}],"predecessor-version":[{"id":15084,"href":"https:\/\/www.euro-clear.eu\/en\/wp-json\/wp\/v2\/pages\/5471\/revisions\/15084"}],"up":[{"embeddable":true,"href":"https:\/\/www.euro-clear.eu\/en\/wp-json\/wp\/v2\/pages\/5359"}],"wp:attachment":[{"href":"https:\/\/www.euro-clear.eu\/en\/wp-json\/wp\/v2\/media?parent=5471"}],"curies":[{"name":"wp","href":"https:\/\/api.w.org\/{rel}","templated":true}]}}