{"id":5483,"date":"2020-10-12T13:47:23","date_gmt":"2020-10-12T13:47:23","guid":{"rendered":"http:\/\/www.euro-clear.eu\/knowledge\/cross-flow-tubular-membranes\/"},"modified":"2024-06-19T08:22:56","modified_gmt":"2024-06-19T06:22:56","slug":"cross-flow-tubular-membranes","status":"publish","type":"page","link":"https:\/\/www.euro-clear.eu\/en\/knowledge\/cross-flow-tubular-membranes\/","title":{"rendered":"Cross-flow tubular membranes"},"content":{"rendered":"\t\t<div data-elementor-type=\"wp-page\" data-elementor-id=\"5483\" class=\"elementor elementor-5483 elementor-759\" data-elementor-post-type=\"page\">\n\t\t\t\t<div class=\"elementor-element elementor-element-28dc9c7 e-flex e-con-boxed e-con e-parent\" data-id=\"28dc9c7\" data-element_type=\"container\" data-e-type=\"container\">\n\t\t\t\t\t<div class=\"e-con-inner\">\n\t\t\t\t<div class=\"elementor-element elementor-element-2a47358 elementor-widget elementor-widget-heading\" data-id=\"2a47358\" data-element_type=\"widget\" data-e-type=\"widget\" data-widget_type=\"heading.default\">\n\t\t\t\t\t<h2 class=\"elementor-heading-title elementor-size-default\">Cross-flow tubular membranes for industrial wastewater treatment<\/h2>\t\t\t\t<\/div>\n\t\t\t\t<div class=\"elementor-element elementor-element-bc8354a elementor-widget elementor-widget-text-editor\" data-id=\"bc8354a\" data-element_type=\"widget\" data-e-type=\"widget\" data-widget_type=\"text-editor.default\">\n\t\t\t\t\t\t\t\t\t<span class=\"know-where\">Membrane properties:<\/span>\r\n<ul>\r\n \t<li>High porosity \u2013 high filtrate yield (Fluxus 850 \u2013 1700 l\/m<sup>2<\/sup>h)<\/li>\r\n \t<li>Consistent pore size \u2013 evenly high filtrate quality (.1 micron)<\/li>\r\n \t<li>Strong membrane tube \u2013 8 bar burst pressure, high operating pressure (4 bar), more filtration product<\/li>\r\n \t<li>Strong membrane layer \u2013 long service life (5-8 years)<\/li>\r\n \t<li>1 inch diameter pipe with low tendency to clog \u2013 high suspended solids concentration tolerance with low pressure drop<\/li>\r\n \t<li>Chemical resistant PVDF membrane \u2013 CIP possibility with wide range of chemicals, such as acid, alkalis, oxidizing agents<\/li>\r\n \t<li>Wastewater filtration with high solids<\/li>\r\n \t<li>Boundary filtration range between micro and ultrafiltration<\/li>\r\n \t<li>Energy efficient industrial wastewater treatment<\/li>\r\n \t<li>Reducing the impact ont he environment, preventing the release of hazardous heavy metals, recovering precious metals<\/li>\r\n<\/ul>\t\t\t\t\t\t\t\t<\/div>\n\t\t<div class=\"elementor-element elementor-element-8c65d3b e-flex e-con-boxed e-con e-child\" data-id=\"8c65d3b\" data-element_type=\"container\" data-e-type=\"container\">\n\t\t\t\t\t<div class=\"e-con-inner\">\n\t\t\t\t<div class=\"elementor-element elementor-element-8c4b903 elementor-widget__width-inherit elementor-widget elementor-widget-text-editor\" data-id=\"8c4b903\" data-element_type=\"widget\" data-e-type=\"widget\" data-widget_type=\"text-editor.default\">\n\t\t\t\t\t\t\t\t\t<p><strong>Areas of application:<\/strong><\/p>\n\t\t\t\t\t\t\t\t<\/div>\n\t\t\t\t<div class=\"elementor-element elementor-element-d124f10 elementor-widget elementor-widget-text-editor\" data-id=\"d124f10\" data-element_type=\"widget\" data-e-type=\"widget\" data-widget_type=\"text-editor.default\">\n\t\t\t\t\t\t\t\t\t<div class=\"elementor-column elementor-col-50 elementor-inner-column elementor-element elementor-element-8211cc3\" data-id=\"8211cc3\" data-element_type=\"column\">\n<div class=\"elementor-widget-wrap elementor-element-populated\">\n<div class=\"elementor-element elementor-element-1bbe674 elementor-widget elementor-widget-text-editor\" data-id=\"1bbe674\" data-element_type=\"widget\" data-widget_type=\"text-editor.default\">\n<div class=\"elementor-widget-container\">\n<ul>\n<li>Surface treatment<\/li>\n<li>Manufacture of circuits\/Electronics<\/li>\n<li>Automotive industry<\/li>\n<li>Semiconductor manufacturing \/ solar cell manufacturing<\/li>\n<li>Power generation<\/li>\n<li>Mining<\/li>\n<li>Petrochemistry<\/li>\n<li>Textile<\/li>\n<li>Food production<\/li>\n<\/ul>\n<\/div>\n<\/div>\n<\/div>\n<\/div>\n<div class=\"elementor-column elementor-col-50 elementor-inner-column elementor-element elementor-element-4c721bb\" data-id=\"4c721bb\" data-element_type=\"column\">\n<div class=\"elementor-widget-wrap elementor-element-populated\"><\/div>\n<\/div>\n\t\t\t\t\t\t\t\t<\/div>\n\t\t\t\t<div class=\"elementor-element elementor-element-9895409 elementor-widget elementor-widget-text-editor\" data-id=\"9895409\" data-element_type=\"widget\" data-e-type=\"widget\" data-widget_type=\"text-editor.default\">\n\t\t\t\t\t\t\t\t\t<ul>\n<li>Heavy metal removal, water recycling<\/li>\n<li>CRemoval of cyanide, metal compounds<\/li>\n<li>Phosphate and sulphate reduction<\/li>\n<li>Recycling of biologically treated wastewater<\/li>\n<li>Softening, silicon removal<\/li>\n<li>Well water treatment before RO<\/li>\n<li>Combustion desulphurisation<\/li>\n<li>RO concentrate treatment<\/li>\n<li>Cooling tower sludge<\/li>\n<\/ul>\n\t\t\t\t\t\t\t\t<\/div>\n\t\t\t\t\t<\/div>\n\t\t\t\t<\/div>\n\t\t\t\t<div class=\"elementor-element elementor-element-e1a2986 elementor-widget elementor-widget-text-editor\" data-id=\"e1a2986\" data-element_type=\"widget\" data-e-type=\"widget\" data-widget_type=\"text-editor.default\">\n\t\t\t\t\t\t\t\t\t<table border=\"1\" cellspacing=\"2\" cellpadding=\"2\">\r\n<tbody>\r\n<tr>\r\n<td><strong>Impurity<\/strong><\/td>\r\n<td><strong>Filtrate<\/strong>\u00a0<strong>PPM<\/strong><\/td>\r\n<\/tr>\r\n<tr>\r\n<td>Arsenic &#8211; As<\/td>\r\n<td>&lt;0.005<\/td>\r\n<\/tr>\r\n<tr>\r\n<td>Cadmium &#8211; Cd<\/td>\r\n<td>&lt;0.005<\/td>\r\n<\/tr>\r\n<tr>\r\n<td>Chrome &#8211; Cr<\/td>\r\n<td>&lt;0.05<\/td>\r\n<\/tr>\r\n<tr>\r\n<td>Copper &#8211; Ci<\/td>\r\n<td>&lt;0.05<\/td>\r\n<\/tr>\r\n<tr>\r\n<td>Cyanide [-CN]<\/td>\r\n<td>&lt;0.01<\/td>\r\n<\/tr>\r\n<tr>\r\n<td>Fluoride [F<sup>&#8211;<\/sup>]<\/td>\r\n<td>&lt;10<\/td>\r\n<\/tr>\r\n<tr>\r\n<td>Lead &#8211; Pb<\/td>\r\n<td>&lt;0.05<\/td>\r\n<\/tr>\r\n<tr>\r\n<td>Mercury &#8211; Hg<\/td>\r\n<td>&lt;0.005<\/td>\r\n<\/tr>\r\n<tr>\r\n<td>Nickel &#8211; Ni<\/td>\r\n<td>&lt;0.05<\/td>\r\n<\/tr>\r\n<tr>\r\n<td>Silver &#8211; Ag<\/td>\r\n<td>0.01<\/td>\r\n<\/tr>\r\n<tr>\r\n<td>Sulphate [SO<sub>4<\/sub><sup>2-<\/sup>]<\/td>\r\n<td>&lt;200<\/td>\r\n<\/tr>\r\n<tr>\r\n<td>Zinc &#8211; Zn<\/td>\r\n<td>&lt;0.05<\/td>\r\n<\/tr>\r\n<tr>\r\n<td>Uranium &#8211; U<\/td>\r\n<td>&lt;0.01<\/td>\r\n<\/tr>\r\n<tr>\r\n<td>Hardness<\/td>\r\n<td>&lt;60 CaCO<sub>3<\/sub> mg\/L<\/td>\r\n<\/tr>\r\n<tr>\r\n<td>Mangane &#8211; Mn<\/td>\r\n<td>&lt;0.02<\/td>\r\n<\/tr>\r\n<tr>\r\n<td>Tin \u2013 Sn<\/td>\r\n<td>&lt;0.1<\/td>\r\n<\/tr>\r\n<tr>\r\n<td>TSS<\/td>\r\n<td>&lt;1.0<\/td>\r\n<\/tr>\r\n<tr>\r\n<td>Turbidity<\/td>\r\n<td>&lt;1.0 NTU<\/td>\r\n<\/tr>\r\n<\/tbody>\r\n<\/table>\t\t\t\t\t\t\t\t<\/div>\n\t\t\t\t\t<\/div>\n\t\t\t\t<\/div>\n\t\t<div class=\"elementor-element elementor-element-27eb4d1 e-flex e-con-boxed e-con e-parent\" data-id=\"27eb4d1\" data-element_type=\"container\" data-e-type=\"container\">\n\t\t\t\t\t<div class=\"e-con-inner\">\n\t\t\t\t<div class=\"elementor-element elementor-element-80f304f elementor-widget elementor-widget-text-editor\" data-id=\"80f304f\" data-element_type=\"widget\" data-e-type=\"widget\" data-widget_type=\"text-editor.default\">\n\t\t\t\t\t\t\t\t\t<p><strong><span class=\"know-where\">Related documents:<\/span><\/strong><\/p>\n\t\t\t\t\t\t\t\t<\/div>\n\t\t<div class=\"elementor-element elementor-element-fe26773 e-flex e-con-boxed e-con e-child\" data-id=\"fe26773\" data-element_type=\"container\" data-e-type=\"container\">\n\t\t\t\t\t<div class=\"e-con-inner\">\n\t\t\t\t<div class=\"elementor-element elementor-element-f6ddadd elementor-widget elementor-widget-text-editor\" data-id=\"f6ddadd\" data-element_type=\"widget\" data-e-type=\"widget\" data-widget_type=\"text-editor.default\">\n\t\t\t\t\t\t\t\t\t<p>For cross-flow-tube-membranes-industrial-wastewater treatment.pdf<\/p>\n\t\t\t\t\t\t\t\t<\/div>\n\t\t\t\t<div class=\"elementor-element elementor-element-45060b2 elementor-mobile-align-justify elementor-widget-mobile__width-initial elementor-widget elementor-widget-button\" data-id=\"45060b2\" data-element_type=\"widget\" data-e-type=\"widget\" data-widget_type=\"button.default\">\n\t\t\t\t\t\t\t\t\t\t<a class=\"elementor-button elementor-button-link elementor-size-sm\" href=\"https:\/\/www.euro-clear.eu\/wp-content\/uploads\/2020\/07\/2017_Kereszt\u00e1ram\u00fa-cs\u0151membr\u00e1nok-ipari-szennyv\u00edzkezel\u00e9shez.pdf\" target=\"_blank\">\n\t\t\t\t\t\t<span class=\"elementor-button-content-wrapper\">\n\t\t\t\t\t\t<span class=\"elementor-button-icon\">\n\t\t\t\t<svg aria-hidden=\"true\" class=\"e-font-icon-svg e-fas-download\" viewBox=\"0 0 512 512\" xmlns=\"http:\/\/www.w3.org\/2000\/svg\"><path d=\"M216 0h80c13.3 0 24 10.7 24 24v168h87.7c17.8 0 26.7 21.5 14.1 34.1L269.7 378.3c-7.5 7.5-19.8 7.5-27.3 0L90.1 226.1c-12.6-12.6-3.7-34.1 14.1-34.1H192V24c0-13.3 10.7-24 24-24zm296 376v112c0 13.3-10.7 24-24 24H24c-13.3 0-24-10.7-24-24V376c0-13.3 10.7-24 24-24h146.7l49 49c20.1 20.1 52.5 20.1 72.6 0l49-49H488c13.3 0 24 10.7 24 24zm-124 88c0-11-9-20-20-20s-20 9-20 20 9 20 20 20 20-9 20-20zm64 0c0-11-9-20-20-20s-20 9-20 20 9 20 20 20 20-9 20-20z\"><\/path><\/svg>\t\t\t<\/span>\n\t\t\t\t\t\t\t\t\t<span class=\"elementor-button-text\">Download<\/span>\n\t\t\t\t\t<\/span>\n\t\t\t\t\t<\/a>\n\t\t\t\t\t\t\t\t<\/div>\n\t\t\t\t\t<\/div>\n\t\t\t\t<\/div>\n\t\t<div class=\"elementor-element elementor-element-17ccaa6 e-flex e-con-boxed e-con e-child\" data-id=\"17ccaa6\" data-element_type=\"container\" data-e-type=\"container\">\n\t\t\t\t\t<div class=\"e-con-inner\">\n\t\t\t\t<div class=\"elementor-element elementor-element-0222d2a elementor-widget elementor-widget-text-editor\" data-id=\"0222d2a\" data-element_type=\"widget\" data-e-type=\"widget\" data-widget_type=\"text-editor.default\">\n\t\t\t\t\t\t\t\t\t<p>Membrane.pdf<\/p>\n\t\t\t\t\t\t\t\t<\/div>\n\t\t\t\t<div class=\"elementor-element elementor-element-7cc24fa elementor-mobile-align-justify elementor-widget-mobile__width-initial elementor-widget elementor-widget-button\" data-id=\"7cc24fa\" data-element_type=\"widget\" data-e-type=\"widget\" data-widget_type=\"button.default\">\n\t\t\t\t\t\t\t\t\t\t<a class=\"elementor-button elementor-button-link elementor-size-sm\" href=\"https:\/\/www.euro-clear.eu\/wp-content\/uploads\/2020\/07\/Membr\u00e1n.pdf\" target=\"_blank\">\n\t\t\t\t\t\t<span class=\"elementor-button-content-wrapper\">\n\t\t\t\t\t\t<span class=\"elementor-button-icon\">\n\t\t\t\t<svg aria-hidden=\"true\" class=\"e-font-icon-svg e-fas-download\" viewBox=\"0 0 512 512\" xmlns=\"http:\/\/www.w3.org\/2000\/svg\"><path d=\"M216 0h80c13.3 0 24 10.7 24 24v168h87.7c17.8 0 26.7 21.5 14.1 34.1L269.7 378.3c-7.5 7.5-19.8 7.5-27.3 0L90.1 226.1c-12.6-12.6-3.7-34.1 14.1-34.1H192V24c0-13.3 10.7-24 24-24zm296 376v112c0 13.3-10.7 24-24 24H24c-13.3 0-24-10.7-24-24V376c0-13.3 10.7-24 24-24h146.7l49 49c20.1 20.1 52.5 20.1 72.6 0l49-49H488c13.3 0 24 10.7 24 24zm-124 88c0-11-9-20-20-20s-20 9-20 20 9 20 20 20 20-9 20-20zm64 0c0-11-9-20-20-20s-20 9-20 20 9 20 20 20 20-9 20-20z\"><\/path><\/svg>\t\t\t<\/span>\n\t\t\t\t\t\t\t\t\t<span class=\"elementor-button-text\">Download<\/span>\n\t\t\t\t\t<\/span>\n\t\t\t\t\t<\/a>\n\t\t\t\t\t\t\t\t<\/div>\n\t\t\t\t\t<\/div>\n\t\t\t\t<\/div>\n\t\t\t\t\t<\/div>\n\t\t\t\t<\/div>\n\t\t\t\t<\/div>\n\t\t","protected":false},"excerpt":{"rendered":"<p>Cross-flow tubular membranes for industrial wastewater treatment Membrane properties: High porosity \u2013 high filtrate yield (Fluxus 850 \u2013 1700 l\/m2h) Consistent pore size \u2013 evenly high filtrate quality (.1 micron) Strong membrane tube \u2013 8 bar burst pressure, high operating pressure (4 bar), more filtration product Strong membrane layer \u2013 long service life (5-8 years) [&hellip;]<\/p>\n","protected":false},"author":1,"featured_media":0,"parent":5359,"menu_order":0,"comment_status":"closed","ping_status":"closed","template":"","meta":{"_acf_changed":false,"footnotes":""},"class_list":["post-5483","page","type-page","status-publish","hentry"],"acf":[],"_links":{"self":[{"href":"https:\/\/www.euro-clear.eu\/en\/wp-json\/wp\/v2\/pages\/5483","targetHints":{"allow":["GET"]}}],"collection":[{"href":"https:\/\/www.euro-clear.eu\/en\/wp-json\/wp\/v2\/pages"}],"about":[{"href":"https:\/\/www.euro-clear.eu\/en\/wp-json\/wp\/v2\/types\/page"}],"author":[{"embeddable":true,"href":"https:\/\/www.euro-clear.eu\/en\/wp-json\/wp\/v2\/users\/1"}],"replies":[{"embeddable":true,"href":"https:\/\/www.euro-clear.eu\/en\/wp-json\/wp\/v2\/comments?post=5483"}],"version-history":[{"count":2,"href":"https:\/\/www.euro-clear.eu\/en\/wp-json\/wp\/v2\/pages\/5483\/revisions"}],"predecessor-version":[{"id":15070,"href":"https:\/\/www.euro-clear.eu\/en\/wp-json\/wp\/v2\/pages\/5483\/revisions\/15070"}],"up":[{"embeddable":true,"href":"https:\/\/www.euro-clear.eu\/en\/wp-json\/wp\/v2\/pages\/5359"}],"wp:attachment":[{"href":"https:\/\/www.euro-clear.eu\/en\/wp-json\/wp\/v2\/media?parent=5483"}],"curies":[{"name":"wp","href":"https:\/\/api.w.org\/{rel}","templated":true}]}}