{"id":6292,"date":"2020-10-29T12:42:19","date_gmt":"2020-10-29T12:42:19","guid":{"rendered":"https:\/\/www.euro-clear.eu\/products\/industrial-water-treatment\/ipari-berendezesek-eloszurok\/mechanical-prefilters\/"},"modified":"2024-06-18T19:55:59","modified_gmt":"2024-06-18T17:55:59","slug":"mechanical-prefilters","status":"publish","type":"page","link":"https:\/\/www.euro-clear.eu\/en\/industrial-water-treatment\/ipari-berendezesek-eloszurok\/mechanical-prefilters\/","title":{"rendered":"Mechanical Prefilters"},"content":{"rendered":"\t\t<div data-elementor-type=\"wp-page\" data-elementor-id=\"6292\" class=\"elementor elementor-6292 elementor-4446\" data-elementor-post-type=\"page\">\n\t\t\t\t<div class=\"elementor-element elementor-element-80722cc e-flex e-con-boxed e-con e-parent\" data-id=\"80722cc\" data-element_type=\"container\" data-e-type=\"container\">\n\t\t\t\t\t<div class=\"e-con-inner\">\n\t\t<div class=\"elementor-element elementor-element-ac2beed e-flex e-con-boxed e-con e-child\" data-id=\"ac2beed\" data-element_type=\"container\" data-e-type=\"container\">\n\t\t\t\t\t<div class=\"e-con-inner\">\n\t\t\t\t<div class=\"elementor-element elementor-element-b80a4a4 elementor-widget__width-inherit elementor-widget elementor-widget-heading\" data-id=\"b80a4a4\" data-element_type=\"widget\" data-e-type=\"widget\" data-widget_type=\"heading.default\">\n\t\t\t\t\t<h2 class=\"elementor-heading-title elementor-size-default\">DF water filters<\/h2>\t\t\t\t<\/div>\n\t\t\t\t<div class=\"elementor-element elementor-element-f245ad0 elementor-widget__width-initial elementor-widget elementor-widget-image\" data-id=\"f245ad0\" data-element_type=\"widget\" data-e-type=\"widget\" data-widget_type=\"image.default\">\n\t\t\t\t\t\t\t\t\t\t\t\t\t\t\t\t<a href=\"https:\/\/www.euro-clear.eu\/wp-content\/uploads\/2020\/09\/df_filters2.png\" data-elementor-open-lightbox=\"yes\" data-elementor-lightbox-title=\"df_filters2\" data-e-action-hash=\"#elementor-action%3Aaction%3Dlightbox%26settings%3DeyJpZCI6NTEzMCwidXJsIjoiaHR0cHM6XC9cL3d3dy5ldXJvLWNsZWFyLmV1XC93cC1jb250ZW50XC91cGxvYWRzXC8yMDIwXC8wOVwvZGZfZmlsdGVyczIucG5nIn0%3D\">\n\t\t\t\t\t\t\t<img fetchpriority=\"high\" decoding=\"async\" width=\"800\" height=\"804\" src=\"https:\/\/www.euro-clear.eu\/wp-content\/uploads\/2020\/09\/df_filters2-1019x1024.png\" class=\"attachment-large size-large wp-image-5130\" alt=\"mechanikai el\u0151sz\u0171r\u0151\" srcset=\"https:\/\/www.euro-clear.eu\/wp-content\/uploads\/2020\/09\/df_filters2-1019x1024.png 1019w, https:\/\/www.euro-clear.eu\/wp-content\/uploads\/2020\/09\/df_filters2-150x150.png 150w, https:\/\/www.euro-clear.eu\/wp-content\/uploads\/2020\/09\/df_filters2-768x772.png 768w, https:\/\/www.euro-clear.eu\/wp-content\/uploads\/2020\/09\/df_filters2.png 1200w\" sizes=\"(max-width: 800px) 100vw, 800px\" \/>\t\t\t\t\t\t\t\t<\/a>\n\t\t\t\t\t\t\t\t\t\t\t\t\t\t\t<\/div>\n\t\t\t\t<div class=\"elementor-element elementor-element-7c74753 elementor-widget__width-initial elementor-widget elementor-widget-text-editor\" data-id=\"7c74753\" data-element_type=\"widget\" data-e-type=\"widget\" data-widget_type=\"text-editor.default\">\n\t\t\t\t\t\t\t\t\t<p>Family houses, communal as well as industrial areas, can be widely used. Thanks to its wide PH tolerance, it can be incorporated into RO and chemical technology.<\/p>\n<p><strong>The product can be used:<\/strong><\/p>\n<ul>\n<li>For drinking water filtration<\/li>\n<li>To protect water treatment equipment (eg to protect a membrane filter)<\/li>\n<li>For filtering chemical liquids<\/li>\n<li>For seawater filtration<\/li>\n<\/ul>\n\t\t\t\t\t\t\t\t<\/div>\n\t\t\t\t\t<\/div>\n\t\t\t\t<\/div>\n\t\t<div class=\"elementor-element elementor-element-f4b05c1 e-flex e-con-boxed e-con e-child\" data-id=\"f4b05c1\" data-element_type=\"container\" data-e-type=\"container\">\n\t\t\t\t\t<div class=\"e-con-inner\">\n\t\t\t\t<div class=\"elementor-element elementor-element-868fb98 elementor-widget__width-inherit elementor-widget elementor-widget-heading\" data-id=\"868fb98\" data-element_type=\"widget\" data-e-type=\"widget\" data-widget_type=\"heading.default\">\n\t\t\t\t\t<h2 class=\"elementor-heading-title elementor-size-default\">IWF filters<\/h2>\t\t\t\t<\/div>\n\t\t\t\t<div class=\"elementor-element elementor-element-586cf6a elementor-widget__width-initial elementor-widget elementor-widget-text-editor\" data-id=\"586cf6a\" data-element_type=\"widget\" data-e-type=\"widget\" data-widget_type=\"text-editor.default\">\n\t\t\t\t\t\t\t\t\t<p>The IWF filter can be connected to the water mains with a flange connection. The robust painted carbon steel housing provides sufficient safety even in industrial conditions. The device has a large-area stainless steel filter insert, which guarantees reliable operation over a long service life. There is a pressure gauge on the raw and filtered water side of the unit. Using the pressure gauge, we have direct feedback on clogging of the filter element.<\/p>\n<p><strong>Areas of application:<\/strong><\/p>\n<p>The IWF type is a high quality backwashable filter unit for industrial and household applications. By using the filter, you can protect the water network and the various equipment and machines connected to it from the damaging effects of suspended solids above 0.1 mm in diameter, such as rust, debris, sand, etc..<\/p>\n\t\t\t\t\t\t\t\t<\/div>\n\t\t\t\t<div class=\"elementor-element elementor-element-a1021da elementor-widget__width-initial elementor-widget elementor-widget-image\" data-id=\"a1021da\" data-element_type=\"widget\" data-e-type=\"widget\" data-widget_type=\"image.default\">\n\t\t\t\t\t\t\t\t\t\t\t\t\t\t\t\t<a href=\"https:\/\/www.euro-clear.eu\/wp-content\/uploads\/2020\/09\/iwf_filters-1.png\" data-elementor-open-lightbox=\"yes\" data-elementor-lightbox-title=\"iwf_filters\" data-e-action-hash=\"#elementor-action%3Aaction%3Dlightbox%26settings%3DeyJpZCI6NTEzMSwidXJsIjoiaHR0cHM6XC9cL3d3dy5ldXJvLWNsZWFyLmV1XC93cC1jb250ZW50XC91cGxvYWRzXC8yMDIwXC8wOVwvaXdmX2ZpbHRlcnMtMS5wbmcifQ%3D%3D\">\n\t\t\t\t\t\t\t<img decoding=\"async\" width=\"361\" height=\"644\" src=\"https:\/\/www.euro-clear.eu\/wp-content\/uploads\/2020\/09\/iwf_filters-1.png\" class=\"attachment-large size-large wp-image-5131\" alt=\"\" srcset=\"https:\/\/www.euro-clear.eu\/wp-content\/uploads\/2020\/09\/iwf_filters-1.png 361w, https:\/\/www.euro-clear.eu\/wp-content\/uploads\/2020\/09\/iwf_filters-1-168x300.png 168w\" sizes=\"(max-width: 361px) 100vw, 361px\" \/>\t\t\t\t\t\t\t\t<\/a>\n\t\t\t\t\t\t\t\t\t\t\t\t\t\t\t<\/div>\n\t\t\t\t\t<\/div>\n\t\t\t\t<\/div>\n\t\t\t\t\t<\/div>\n\t\t\t\t<\/div>\n\t\t\t\t<\/div>\n\t\t","protected":false},"excerpt":{"rendered":"<p>DF water filters Family houses, communal as well as industrial areas, can be widely used. Thanks to its wide PH tolerance, it can be incorporated into RO and chemical technology. The product can be used: For drinking water filtration To protect water treatment equipment (eg to protect a membrane filter) For filtering chemical liquids For [&hellip;]<\/p>\n","protected":false},"author":1,"featured_media":0,"parent":6272,"menu_order":0,"comment_status":"closed","ping_status":"closed","template":"","meta":{"_acf_changed":false,"footnotes":""},"class_list":["post-6292","page","type-page","status-publish","hentry"],"acf":[],"_links":{"self":[{"href":"https:\/\/www.euro-clear.eu\/en\/wp-json\/wp\/v2\/pages\/6292","targetHints":{"allow":["GET"]}}],"collection":[{"href":"https:\/\/www.euro-clear.eu\/en\/wp-json\/wp\/v2\/pages"}],"about":[{"href":"https:\/\/www.euro-clear.eu\/en\/wp-json\/wp\/v2\/types\/page"}],"author":[{"embeddable":true,"href":"https:\/\/www.euro-clear.eu\/en\/wp-json\/wp\/v2\/users\/1"}],"replies":[{"embeddable":true,"href":"https:\/\/www.euro-clear.eu\/en\/wp-json\/wp\/v2\/comments?post=6292"}],"version-history":[{"count":2,"href":"https:\/\/www.euro-clear.eu\/en\/wp-json\/wp\/v2\/pages\/6292\/revisions"}],"predecessor-version":[{"id":15017,"href":"https:\/\/www.euro-clear.eu\/en\/wp-json\/wp\/v2\/pages\/6292\/revisions\/15017"}],"up":[{"embeddable":true,"href":"https:\/\/www.euro-clear.eu\/en\/wp-json\/wp\/v2\/pages\/6272"}],"wp:attachment":[{"href":"https:\/\/www.euro-clear.eu\/en\/wp-json\/wp\/v2\/media?parent=6292"}],"curies":[{"name":"wp","href":"https:\/\/api.w.org\/{rel}","templated":true}]}}